{"id":105,"date":"2024-02-09T13:58:42","date_gmt":"2024-02-09T13:58:42","guid":{"rendered":"https:\/\/new-media-bce.co\/de\/?page_id=105"},"modified":"2024-02-20T10:05:59","modified_gmt":"2024-02-20T10:05:59","slug":"schulung","status":"publish","type":"page","link":"https:\/\/new-media-bce.co\/de\/schulung\/","title":{"rendered":"Schulungen und Kurse"},"content":{"rendered":"\n<p><\/p>\n\n\n<div>Unsere Schulungen werden in gemieteten Besprechungsr\u00e4umen in \u00d6sterreich und in der Schweiz durchgef\u00fchrt. Die \u00d6rtlichkeiten befinden sich ausschlie\u00dflich in Wirtschaftsparks mit ausreichend Parkm\u00f6glichkeiten.<\/div>\n<div>\u00a0<\/div>\n<div>Themenbereiche unserer Schulungen.<\/div>\n<blockquote>\n<div>Blockchain-Technologie: Einf\u00fchrung in die Wirkungsweise der Blockchain-Technologie, praktische Anwendung eines Hardware-Wallet, Erl\u00e4uterungen zu den Aufgaben eines Exchange, \u2026<\/div>\n<\/blockquote>\n<div>\u00a0<\/div>\n<blockquote>\n<div>Linux: Alternatives Betriebssystem, Lizenzfrei, leicht und verst\u00e4ndlich erkl\u00e4rt f\u00fcr jedermann \u201eLinux Installationsparty\u201c (bringen Sie Ihren Laptop und einen USB-Stick, mit mindestens 64GB, mit)<\/div>\n<\/blockquote>\n<div>\u00a0<\/div>\n<div>Zum Kurs* anmelden: Linux\u00a0 \u00a0 \u00a0 \u00a0 \u00a0 \u00a0 \u00a0 \u00a0 \u00a0 \u00a0 \u00a0 \u00a0 \u00a0 \u00a0 \u00a0<\/div>\n<div>St.Gallen: 02.03.2024<\/div>\n<div>Dornbirn:\u00a0 02.03.2024<\/div>\n<div>*Kurse werden ab einer Teilnehmerzahl von 10 Personen durchgef\u00fchrt.<\/div>\n<div>\u00a0<\/div>\n<div>Einzel Unterricht\/Schulung anmelden: Blockchain-Technologie; Linux\u00a0 \u00a0 \u00a0 \u00a0 \u00a0 \u00a0 \u00a0 \u00a0 \u00a0 \u00a0 \u00a0 \u00a0 \u00a0 \u00a0 \u00a0<\/div>\n<div>Den Ort und die Zeit bestimmen Sie.<\/div>\n\n\n<p><\/p>\n","protected":false},"excerpt":{"rendered":"<p>Unsere Schulungen werden in gemieteten Besprechungsr\u00e4umen in \u00d6sterreich und in der Schweiz durchgef\u00fchrt. Die \u00d6rtlichkeiten befinden sich ausschlie\u00dflich in Wirtschaftsparks mit ausreichend Parkm\u00f6glichkeiten. \u00a0 Themenbereiche unserer Schulungen. Blockchain-Technologie: Einf\u00fchrung in die Wirkungsweise der Blockchain-Technologie, praktische Anwendung eines Hardware-Wallet, Erl\u00e4uterungen zu&#8230; <a href=\"https:\/\/new-media-bce.co\/de\/schulung\/\" class=\"read-more\">Read more<\/a><\/p>\n","protected":false},"author":1,"featured_media":0,"parent":0,"menu_order":0,"comment_status":"closed","ping_status":"closed","template":"","meta":{"footnotes":""},"_links":{"self":[{"href":"https:\/\/new-media-bce.co\/de\/wp-json\/wp\/v2\/pages\/105"}],"collection":[{"href":"https:\/\/new-media-bce.co\/de\/wp-json\/wp\/v2\/pages"}],"about":[{"href":"https:\/\/new-media-bce.co\/de\/wp-json\/wp\/v2\/types\/page"}],"author":[{"embeddable":true,"href":"https:\/\/new-media-bce.co\/de\/wp-json\/wp\/v2\/users\/1"}],"replies":[{"embeddable":true,"href":"https:\/\/new-media-bce.co\/de\/wp-json\/wp\/v2\/comments?post=105"}],"version-history":[{"count":5,"href":"https:\/\/new-media-bce.co\/de\/wp-json\/wp\/v2\/pages\/105\/revisions"}],"predecessor-version":[{"id":564,"href":"https:\/\/new-media-bce.co\/de\/wp-json\/wp\/v2\/pages\/105\/revisions\/564"}],"wp:attachment":[{"href":"https:\/\/new-media-bce.co\/de\/wp-json\/wp\/v2\/media?parent=105"}],"curies":[{"name":"wp","href":"https:\/\/api.w.org\/{rel}","templated":true}]}}