{"id":80,"date":"2024-02-08T11:11:56","date_gmt":"2024-02-08T11:11:56","guid":{"rendered":"https:\/\/new-media-bce.co\/de\/?page_id=80"},"modified":"2024-02-09T14:13:25","modified_gmt":"2024-02-09T14:13:25","slug":"leitbild","status":"publish","type":"page","link":"https:\/\/new-media-bce.co\/de\/leitbild\/","title":{"rendered":"Leitbild"},"content":{"rendered":"<p>Unser Leitbild besteht, wie jedes Tragbahre Fundament, aus 4 S\u00e4ulen.<\/p>\n<p>Die erste tragende S\u00e4ule unseres Unternehmensphilosophie lautet:<\/p>\n<blockquote>\n<p style=\"text-align: left;\">Kooperation statt Wettbewerb,<\/p>\n<\/blockquote>\n<p>da der Wettbewerb etwas f\u00fcr ewig Ewiggestrige ist.<\/p>\n<p>Die zweite tragende S\u00e4ule unseres Unternehmensphilosophie lautet:<\/p>\n<blockquote><p>Zusammenzuarbeiten statt miteinander zu konkurrieren,<\/p><\/blockquote>\n<p>denn Konkurrenz ist nur in der Tierwelt etwas Nat\u00fcrliches.<\/p>\n<p>Die dritte S\u00e4ule unseres Unternehmensphilosophie lautet:<\/p>\n<blockquote><p>Solidarische miteinander statt Neben- oder Gegen-Einander.<\/p><\/blockquote>\n<p>Die vierte S\u00e4ule unseres Unternehmensphilosophie lautet:<\/p>\n<blockquote><p>Jeder einzelne in dem Projekt ist ein Teil des Projektes und alle zusammen sind das Projekt.<\/p><\/blockquote>\n","protected":false},"excerpt":{"rendered":"<p>Unser Leitbild besteht, wie jedes Tragbahre Fundament, aus 4 S\u00e4ulen. Die erste tragende S\u00e4ule unseres Unternehmensphilosophie lautet: Kooperation statt Wettbewerb, da der Wettbewerb etwas f\u00fcr ewig Ewiggestrige ist. Die zweite tragende S\u00e4ule unseres Unternehmensphilosophie lautet: Zusammenzuarbeiten statt miteinander zu konkurrieren,&#8230; <a href=\"https:\/\/new-media-bce.co\/de\/leitbild\/\" class=\"read-more\">Read more<\/a><\/p>\n","protected":false},"author":1,"featured_media":0,"parent":0,"menu_order":0,"comment_status":"closed","ping_status":"closed","template":"","meta":{"footnotes":""},"_links":{"self":[{"href":"https:\/\/new-media-bce.co\/de\/wp-json\/wp\/v2\/pages\/80"}],"collection":[{"href":"https:\/\/new-media-bce.co\/de\/wp-json\/wp\/v2\/pages"}],"about":[{"href":"https:\/\/new-media-bce.co\/de\/wp-json\/wp\/v2\/types\/page"}],"author":[{"embeddable":true,"href":"https:\/\/new-media-bce.co\/de\/wp-json\/wp\/v2\/users\/1"}],"replies":[{"embeddable":true,"href":"https:\/\/new-media-bce.co\/de\/wp-json\/wp\/v2\/comments?post=80"}],"version-history":[{"count":8,"href":"https:\/\/new-media-bce.co\/de\/wp-json\/wp\/v2\/pages\/80\/revisions"}],"predecessor-version":[{"id":120,"href":"https:\/\/new-media-bce.co\/de\/wp-json\/wp\/v2\/pages\/80\/revisions\/120"}],"wp:attachment":[{"href":"https:\/\/new-media-bce.co\/de\/wp-json\/wp\/v2\/media?parent=80"}],"curies":[{"name":"wp","href":"https:\/\/api.w.org\/{rel}","templated":true}]}}